{"id":3738,"date":"2024-06-26T08:13:07","date_gmt":"2024-06-26T08:13:07","guid":{"rendered":"https:\/\/wgl-dsites.net\/poity\/?page_id=3"},"modified":"2026-02-18T09:40:07","modified_gmt":"2026-02-18T09:40:07","slug":"chinh-sach-bao-mat","status":"publish","type":"page","link":"https:\/\/www.tevau.co\/vi\/chinh-sach-bao-mat\/","title":{"rendered":"Ch\u00ednh s\u00e1ch b\u1ea3o m\u1eadt"},"content":{"rendered":"<p>Ch\u00e0o m\u1eebng \u0111\u1ebfn v\u1edbi trang web c\u1ee7a ch\u00fang t\u00f4i (<a href=\"https:\/\/www.tevau.co\/vi\/\">tevau.co<\/a>). Ch\u00fang t\u00f4i coi tr\u1ecdng quy\u1ec1n ri\u00eang t\u01b0 c\u1ee7a b\u1ea1n v\u00e0 cam k\u1ebft b\u1ea3o v\u1ec7 th\u00f4ng tin c\u00e1 nh\u00e2n c\u1ee7a b\u1ea1n. Ch\u00ednh s\u00e1ch Quy\u1ec1n ri\u00eang t\u01b0 n\u00e0y n\u00eau r\u00f5 c\u00e1ch ch\u00fang t\u00f4i thu th\u1eadp, s\u1eed d\u1ee5ng v\u00e0 b\u1ea3o v\u1ec7 d\u1eef li\u1ec7u c\u1ee7a b\u1ea1n khi b\u1ea1n truy c\u1eadp ho\u1eb7c t\u01b0\u01a1ng t\u00e1c v\u1edbi trang web c\u1ee7a ch\u00fang t\u00f4i.<\/p>\n\n\n\n<p><strong>Xin l\u01b0u \u00fd:<\/strong> Trang web n\u00e0y l\u00e0 m\u1ed9t trang web li\u00ean k\u1ebft \u0111\u1ed9c l\u1eadp qu\u1ea3ng b\u00e1 c\u00e1c d\u1ecbch v\u1ee5 \u0111\u01b0\u1ee3c cung c\u1ea5p b\u1edfi <a class=\"\" href=\"https:\/\/tevau.io\/\" target=\"_blank\" rel=\"noopener\">Tevau.io<\/a>. Ch\u00fang t\u00f4i kh\u00f4ng ph\u1ea3i l\u00e0 n\u1ec1n t\u1ea3ng ch\u00ednh th\u1ee9c c\u1ee7a Tevau nh\u01b0ng c\u00f3 th\u1ec3 ki\u1ebfm \u0111\u01b0\u1ee3c hoa h\u1ed3ng khi ng\u01b0\u1eddi d\u00f9ng \u0111\u0103ng k\u00fd ho\u1eb7c th\u1ef1c hi\u1ec7n giao d\u1ecbch th\u00f4ng qua li\u00ean k\u1ebft gi\u1edbi thi\u1ec7u c\u1ee7a ch\u00fang t\u00f4i.<\/p>\n\n\n\n<h3 class=\"wp-block-heading\">1. <strong>Th\u00f4ng tin ch\u00fang t\u00f4i thu th\u1eadp<\/strong><\/h3>\n\n\n\n<p>Ch\u00fang t\u00f4i c\u00f3 th\u1ec3 thu th\u1eadp c\u00e1c lo\u1ea1i th\u00f4ng tin sau khi b\u1ea1n truy c\u1eadp trang web c\u1ee7a ch\u00fang t\u00f4i:<\/p>\n\n\n\n<ul class=\"wp-block-list\">\n<li><strong>D\u1eef li\u1ec7u c\u00e1 nh\u00e2n<\/strong>: Ch\u1eb3ng h\u1ea1n nh\u01b0 t\u00ean, \u0111\u1ecba ch\u1ec9 email ho\u1eb7c th\u00f4ng tin li\u00ean l\u1ea1c c\u1ee7a b\u1ea1n\u2014ch\u1ec9 khi b\u1ea1n g\u1eedi th\u00f4ng tin n\u00e0y qua bi\u1ec3u m\u1eabu ho\u1eb7c \u0111\u0103ng k\u00fd nh\u1eadn b\u1ea3n tin.<\/li>\n\n\n\n<li><strong>D\u1eef li\u1ec7u phi c\u00e1 nh\u00e2n<\/strong>: Ch\u1eb3ng h\u1ea1n nh\u01b0 \u0111\u1ecba ch\u1ec9 IP, lo\u1ea1i tr\u00ecnh duy\u1ec7t, h\u1ec7 \u0111i\u1ec1u h\u00e0nh v\u00e0 h\u00e0nh vi duy\u1ec7t web c\u1ee7a b\u1ea1n tr\u00ean trang web c\u1ee7a ch\u00fang t\u00f4i (thu th\u1eadp th\u00f4ng qua cookie v\u00e0 c\u00f4ng c\u1ee5 ph\u00e2n t\u00edch).<\/li>\n<\/ul>\n\n\n\n<h3 class=\"wp-block-heading\">2. <strong>C\u00e1ch ch\u00fang t\u00f4i s\u1eed d\u1ee5ng th\u00f4ng tin c\u1ee7a b\u1ea1n<\/strong><\/h3>\n\n\n\n<p>Ch\u00fang t\u00f4i s\u1eed d\u1ee5ng d\u1eef li\u1ec7u thu th\u1eadp \u0111\u01b0\u1ee3c \u0111\u1ec3:<\/p>\n\n\n\n<ul class=\"wp-block-list\">\n<li>C\u1ea3i thi\u1ec7n hi\u1ec7u su\u1ea5t v\u00e0 n\u1ed9i dung c\u1ee7a trang web li\u00ean k\u1ebft c\u1ee7a ch\u00fang t\u00f4i.<\/li>\n\n\n\n<li>Hi\u1ec3u \u0111\u01b0\u1ee3c t\u01b0\u01a1ng t\u00e1c c\u1ee7a kh\u00e1ch truy c\u1eadp v\u00e0 t\u1ed1i \u01b0u h\u00f3a tr\u1ea3i nghi\u1ec7m c\u1ee7a ng\u01b0\u1eddi d\u00f9ng.<\/li>\n\n\n\n<li>G\u1eedi cho b\u1ea1n c\u00e1c b\u1ea3n c\u1eadp nh\u1eadt ho\u1eb7c b\u1ea3n tin (ch\u1ec9 khi c\u00f3 s\u1ef1 \u0111\u1ed3ng \u00fd c\u1ee7a b\u1ea1n).<\/li>\n\n\n\n<li>Theo d\u00f5i hi\u1ec7u su\u1ea5t v\u00e0 hi\u1ec7u qu\u1ea3 c\u1ee7a c\u00e1c li\u00ean k\u1ebft li\u00ean k\u1ebft c\u1ee7a ch\u00fang t\u00f4i.<\/li>\n<\/ul>\n\n\n\n<h3 class=\"wp-block-heading\">3. <strong>Li\u00ean k\u1ebft c\u1ee7a b\u00ean th\u1ee9 ba v\u00e0 Ti\u1ebft l\u1ed9 li\u00ean k\u1ebft<\/strong><\/h3>\n\n\n\n<p>L\u00e0 m\u1ed9t chi nh\u00e1nh c\u1ee7a <strong>Tevau<\/strong>Ch\u00fang t\u00f4i c\u00f3 th\u1ec3 bao g\u1ed3m c\u00e1c li\u00ean k\u1ebft gi\u1edbi thi\u1ec7u ho\u1eb7c qu\u1ea3ng c\u00e1o tr\u00ean trang web n\u00e0y. Khi b\u1ea1n nh\u1ea5p v\u00e0o c\u00e1c li\u00ean k\u1ebft n\u00e0y ho\u1eb7c \u0111\u0103ng k\u00fd th\u00f4ng qua ch\u00fang, ch\u00fang t\u00f4i c\u00f3 th\u1ec3 nh\u1eadn \u0111\u01b0\u1ee3c hoa h\u1ed3ng m\u00e0 kh\u00f4ng m\u1ea5t th\u00eam chi ph\u00ed n\u00e0o cho b\u1ea1n.<\/p>\n\n\n\n<p>Ch\u00fang t\u00f4i kh\u00f4ng ki\u1ec3m so\u00e1t ho\u1eb7c ch\u1ecbu tr\u00e1ch nhi\u1ec7m v\u1ec1 ch\u00ednh s\u00e1ch b\u1ea3o m\u1eadt ho\u1eb7c n\u1ed9i dung c\u1ee7a Tevau.io ho\u1eb7c b\u1ea5t k\u1ef3 trang web c\u1ee7a b\u00ean th\u1ee9 ba n\u00e0o m\u00e0 b\u1ea1n c\u00f3 th\u1ec3 \u0111\u01b0\u1ee3c chuy\u1ec3n h\u01b0\u1edbng \u0111\u1ebfn.<\/p>\n\n\n\n<h3 class=\"wp-block-heading\">4. <strong>Cookie<\/strong><\/h3>\n\n\n\n<p>Trang web c\u1ee7a ch\u00fang t\u00f4i s\u1eed d\u1ee5ng cookie \u0111\u1ec3 n\u00e2ng cao tr\u1ea3i nghi\u1ec7m c\u1ee7a b\u1ea1n. Cookie gi\u00fap ch\u00fang t\u00f4i hi\u1ec3u c\u00e1ch kh\u00e1ch truy c\u1eadp s\u1eed d\u1ee5ng trang web, cho ph\u00e9p ch\u00fang t\u00f4i c\u1ea3i thi\u1ec7n ch\u1ee9c n\u0103ng v\u00e0 n\u1ed9i dung. B\u1ea1n c\u00f3 th\u1ec3 t\u1eaft cookie th\u00f4ng qua c\u00e0i \u0111\u1eb7t tr\u00ecnh duy\u1ec7t b\u1ea5t c\u1ee9 l\u00fac n\u00e0o.<\/p>\n\n\n\n<h3 class=\"wp-block-heading\">5. <strong>B\u1ea3o m\u1eadt d\u1eef li\u1ec7u<\/strong><\/h3>\n\n\n\n<p>Ch\u00fang t\u00f4i \u00e1p d\u1ee5ng c\u00e1c bi\u1ec7n ph\u00e1p b\u1ea3o m\u1eadt h\u1ee3p l\u00fd \u0111\u1ec3 b\u1ea3o v\u1ec7 th\u00f4ng tin c\u1ee7a b\u1ea1n. Tuy nhi\u00ean, kh\u00f4ng c\u00f3 ph\u01b0\u01a1ng th\u1ee9c truy\u1ec1n t\u1ea3i n\u00e0o qua internet ho\u1eb7c l\u01b0u tr\u1eef \u0111i\u1ec7n t\u1eed \u0111\u01b0\u1ee3c coi l\u00e0 an to\u00e0n tuy\u1ec7t \u0111\u1ed1i. B\u1ea1n th\u1eeba nh\u1eadn v\u00e0 ch\u1ea5p nh\u1eadn r\u1ee7i ro n\u00e0y khi s\u1eed d\u1ee5ng trang web c\u1ee7a ch\u00fang t\u00f4i.<\/p>\n\n\n\n<h3 class=\"wp-block-heading\">6. <strong>Quy\u1ec1n c\u1ee7a b\u1ea1n<\/strong><\/h3>\n\n\n\n<p>T\u00f9y thu\u1ed9c v\u00e0o khu v\u1ef1c ph\u00e1p l\u00fd c\u1ee7a b\u1ea1n, b\u1ea1n c\u00f3 th\u1ec3 c\u00f3 c\u00e1c quy\u1ec1n li\u00ean quan \u0111\u1ebfn d\u1eef li\u1ec7u c\u00e1 nh\u00e2n c\u1ee7a m\u00ecnh, bao g\u1ed3m quy\u1ec1n truy c\u1eadp, ch\u1ec9nh s\u1eeda ho\u1eb7c x\u00f3a. N\u1ebfu b\u1ea1n mu\u1ed1n g\u1eedi y\u00eau c\u1ea7u, vui l\u00f2ng li\u00ean h\u1ec7 v\u1edbi ch\u00fang t\u00f4i t\u1ea1i: telegram.<\/p>\n\n\n\n<h3 class=\"wp-block-heading\">7. <strong>Quy\u1ec1n ri\u00eang t\u01b0 c\u1ee7a tr\u1ebb em<\/strong><\/h3>\n\n\n\n<p>Trang web n\u00e0y kh\u00f4ng d\u00e0nh cho tr\u1ebb em d\u01b0\u1edbi 18 tu\u1ed5i. Ch\u00fang t\u00f4i kh\u00f4ng c\u1ed1 \u00fd thu th\u1eadp th\u00f4ng tin c\u00e1 nh\u00e2n t\u1eeb tr\u1ebb v\u1ecb th\u00e0nh ni\u00ean.<\/p>\n\n\n\n<h3 class=\"wp-block-heading\">8. <strong>Nh\u1eefng thay \u0111\u1ed5i \u0111\u1ed1i v\u1edbi Ch\u00ednh s\u00e1ch n\u00e0y<\/strong><\/h3>\n\n\n\n<p>Ch\u00fang t\u00f4i c\u00f3 quy\u1ec1n c\u1eadp nh\u1eadt Ch\u00ednh s\u00e1ch Quy\u1ec1n ri\u00eang t\u01b0 n\u00e0y b\u1ea5t c\u1ee9 l\u00fac n\u00e0o. M\u1ecdi thay \u0111\u1ed5i s\u1ebd \u0111\u01b0\u1ee3c \u0111\u0103ng tr\u00ean trang n\u00e0y k\u00e8m theo ng\u00e0y hi\u1ec7u l\u1ef1c \u0111\u00e3 \u0111\u01b0\u1ee3c s\u1eeda \u0111\u1ed5i.<\/p>\n\n\n\n<h3 class=\"wp-block-heading\">9. <strong>Li\u00ean h\u1ec7 v\u1edbi ch\u00fang t\u00f4i<\/strong><\/h3>\n\n\n\n<p>N\u1ebfu b\u1ea1n c\u00f3 th\u1eafc m\u1eafc ho\u1eb7c lo ng\u1ea1i v\u1ec1 Ch\u00ednh s\u00e1ch b\u1ea3o m\u1eadt n\u00e0y, vui l\u00f2ng li\u00ean h\u1ec7 v\u1edbi ch\u00fang t\u00f4i t\u1ea1i:<\/p>\n\n\n\n<p><strong>www.tevau.co<\/strong><br>\u0110i\u1ec7n t\u00edn: <a href=\"https:\/\/t.me\/tevau_community\">C\u1ed9ng \u0111\u1ed3ng Tevau<br><\/a>Trang web: <a class=\"\" href=\"https:\/\/www.tevau.co\/vi\/\">https:\/\/www.tevau.co<\/a><\/p>","protected":false},"excerpt":{"rendered":"<p>Welcome to our website (tevau.co). We value your privacy and are committed to protecting your personal information. This Privacy Policy outlines how we collect, use, and protect your data when you visit or interact with our site. Please note: This website is an independent affiliate site promoting services offered by Tevau.io. We are not the [&hellip;]<\/p>\n","protected":false},"author":1,"featured_media":0,"parent":0,"menu_order":0,"comment_status":"closed","ping_status":"open","template":"","meta":{"footnotes":""},"class_list":["post-3738","page","type-page","status-publish","hentry"],"_links":{"self":[{"href":"https:\/\/www.tevau.co\/vi\/wp-json\/wp\/v2\/pages\/3738","targetHints":{"allow":["GET"]}}],"collection":[{"href":"https:\/\/www.tevau.co\/vi\/wp-json\/wp\/v2\/pages"}],"about":[{"href":"https:\/\/www.tevau.co\/vi\/wp-json\/wp\/v2\/types\/page"}],"author":[{"embeddable":true,"href":"https:\/\/www.tevau.co\/vi\/wp-json\/wp\/v2\/users\/1"}],"replies":[{"embeddable":true,"href":"https:\/\/www.tevau.co\/vi\/wp-json\/wp\/v2\/comments?post=3738"}],"version-history":[{"count":0,"href":"https:\/\/www.tevau.co\/vi\/wp-json\/wp\/v2\/pages\/3738\/revisions"}],"wp:attachment":[{"href":"https:\/\/www.tevau.co\/vi\/wp-json\/wp\/v2\/media?parent=3738"}],"curies":[{"name":"trang web","href":"https:\/\/api.w.org\/{rel}","templated":true}]}}