{"id":3738,"date":"2024-06-26T08:13:07","date_gmt":"2024-06-26T08:13:07","guid":{"rendered":"https:\/\/wgl-dsites.net\/poity\/?page_id=3"},"modified":"2026-02-18T09:40:07","modified_gmt":"2026-02-18T09:40:07","slug":"gizlilik-politikasi","status":"publish","type":"page","link":"https:\/\/www.tevau.co\/tr\/gizlilik-politikasi\/","title":{"rendered":"Gizlilik Politikas\u0131"},"content":{"rendered":"<p>Web sitemize ho\u015f geldiniz (<a href=\"https:\/\/www.tevau.co\/tr\/\">tevau.co<\/a>). Gizlili\u011finize de\u011fer veriyor ve ki\u015fisel bilgilerinizi korumay\u0131 taahh\u00fct ediyoruz. Bu Gizlilik Politikas\u0131, sitemizi ziyaret etti\u011finizde veya sitemizle etkile\u015fim kurdu\u011funuzda verilerinizi nas\u0131l toplad\u0131\u011f\u0131m\u0131z\u0131, kulland\u0131\u011f\u0131m\u0131z\u0131 ve korudu\u011fumuzu a\u00e7\u0131klamaktad\u0131r.<\/p>\n\n\n\n<p><strong>L\u00fctfen akl\u0131n\u0131zda bulundurun:<\/strong> Bu web sitesi, taraf\u0131ndan sunulan hizmetleri tan\u0131tan ba\u011f\u0131ms\u0131z bir i\u015ftirak sitesidir. <a class=\"\" href=\"https:\/\/tevau.io\/\" target=\"_blank\" rel=\"noopener\">Tevau.io<\/a>Biz resmi Tevau platformu de\u011filiz ancak kullan\u0131c\u0131lar kay\u0131t olduklar\u0131nda veya y\u00f6nlendirme ba\u011flant\u0131lar\u0131m\u0131z \u00fczerinden i\u015flem yapt\u0131klar\u0131nda komisyon kazanabiliriz.<\/p>\n\n\n\n<h3 class=\"wp-block-heading\">1. <strong>Toplad\u0131\u011f\u0131m\u0131z Bilgiler<\/strong><\/h3>\n\n\n\n<p>Sitemizi ziyaret etti\u011finizde a\u015fa\u011f\u0131daki t\u00fcrde bilgileri toplayabiliriz:<\/p>\n\n\n\n<ul class=\"wp-block-list\">\n<li><strong>Ki\u015fisel Veriler<\/strong>: Ad\u0131n\u0131z, e-posta adresiniz veya ileti\u015fim bilgileriniz gibi bilgiler (yaln\u0131zca bunlar\u0131 bir form veya haber b\u00fcltenine kaydolarak g\u00f6nderirseniz).<\/li>\n\n\n\n<li><strong>Ki\u015fisel Olmayan Veriler<\/strong>: IP adresiniz, taray\u0131c\u0131 t\u00fcr\u00fcn\u00fcz, i\u015fletim sisteminiz ve sitemizdeki gezinme davran\u0131\u015flar\u0131n\u0131z gibi (\u00e7erezler ve analiz ara\u00e7lar\u0131 arac\u0131l\u0131\u011f\u0131yla toplan\u0131r).<\/li>\n<\/ul>\n\n\n\n<h3 class=\"wp-block-heading\">2. <strong>Bilgilerinizi Nas\u0131l Kullan\u0131yoruz?<\/strong><\/h3>\n\n\n\n<p>Toplanan verileri \u015fu ama\u00e7larla kullan\u0131yoruz:<\/p>\n\n\n\n<ul class=\"wp-block-list\">\n<li>Ortakl\u0131k web sitemizin performans\u0131n\u0131 ve i\u00e7eri\u011fini iyile\u015ftirmek.<\/li>\n\n\n\n<li>Ziyaret\u00e7i etkile\u015fimlerini anlay\u0131n ve kullan\u0131c\u0131 deneyimini optimize edin.<\/li>\n\n\n\n<li>Size g\u00fcncellemeler veya b\u00fcltenler g\u00f6ndermek (sadece sizin onay\u0131n\u0131zla).<\/li>\n\n\n\n<li>Ortakl\u0131k ba\u011flant\u0131lar\u0131m\u0131z\u0131n performans\u0131n\u0131 ve etkinli\u011fini takip edin.<\/li>\n<\/ul>\n\n\n\n<h3 class=\"wp-block-heading\">3. <strong>\u00dc\u00e7\u00fcnc\u00fc Taraf Ba\u011flant\u0131lar\u0131 ve Ba\u011fl\u0131 Kurulu\u015f A\u00e7\u0131klamas\u0131<\/strong><\/h3>\n\n\n\n<p>Bir i\u015ftiraki olarak <strong>Tevau<\/strong>Bu web sitesinde y\u00f6nlendirme veya tan\u0131t\u0131m ba\u011flant\u0131lar\u0131 ekleyebiliriz. Bu ba\u011flant\u0131lara t\u0131klad\u0131\u011f\u0131n\u0131zda veya bunlar arac\u0131l\u0131\u011f\u0131yla kaydoldu\u011funuzda, size hi\u00e7bir ek \u00fccret yans\u0131t\u0131lmadan komisyon alabiliriz.<\/p>\n\n\n\n<p>Tevau.io&#039;nun veya y\u00f6nlendirilebilece\u011finiz herhangi bir \u00fc\u00e7\u00fcnc\u00fc taraf sitenin gizlilik politikalar\u0131n\u0131 veya i\u00e7eri\u011fini kontrol etmiyoruz veya bunlarla ilgili sorumluluk kabul etmiyoruz.<\/p>\n\n\n\n<h3 class=\"wp-block-heading\">4. <strong>\u00c7erezler<\/strong><\/h3>\n\n\n\n<p>Web sitemiz, deneyiminizi geli\u015ftirmek i\u00e7in \u00e7erezler kullanmaktad\u0131r. \u00c7erezler, ziyaret\u00e7ilerin sitemizi nas\u0131l kulland\u0131\u011f\u0131n\u0131 anlamam\u0131za yard\u0131mc\u0131 olarak i\u015flevselli\u011fi ve i\u00e7eri\u011fi iyile\u015ftirmemizi sa\u011flar. \u00c7erezleri istedi\u011finiz zaman taray\u0131c\u0131 ayarlar\u0131n\u0131zdan devre d\u0131\u015f\u0131 b\u0131rakabilirsiniz.<\/p>\n\n\n\n<h3 class=\"wp-block-heading\">5. <strong>Veri G\u00fcvenli\u011fi<\/strong><\/h3>\n\n\n\n<p>Bilgilerinizi korumak i\u00e7in makul g\u00fcvenlik \u00f6nlemleri uyguluyoruz. Ancak, internet \u00fczerinden hi\u00e7bir aktar\u0131m veya elektronik depolama y\u00f6ntemi g\u00fcvenli de\u011fildir. Sitemizi kullan\u0131rken bu riski kabul etmi\u015f say\u0131l\u0131rs\u0131n\u0131z.<\/p>\n\n\n\n<h3 class=\"wp-block-heading\">6. <strong>Haklar\u0131n\u0131z<\/strong><\/h3>\n\n\n\n<p>Yarg\u0131 yetkinize ba\u011fl\u0131 olarak, ki\u015fisel verilerinizle ilgili olarak eri\u015fim, d\u00fczeltme veya silme dahil olmak \u00fczere haklar\u0131n\u0131z olabilir. Bir talepte bulunmak isterseniz l\u00fctfen telegram adresinden bizimle ileti\u015fime ge\u00e7in.<\/p>\n\n\n\n<h3 class=\"wp-block-heading\">7. <strong>\u00c7ocuklar\u0131n Gizlili\u011fi<\/strong><\/h3>\n\n\n\n<p>Bu web sitesi 18 ya\u015f\u0131n alt\u0131ndaki \u00e7ocuklara y\u00f6nelik de\u011fildir. K\u00fc\u00e7\u00fcklerden bilerek ki\u015fisel bilgi toplam\u0131yoruz.<\/p>\n\n\n\n<h3 class=\"wp-block-heading\">8. <strong>Bu Politikadaki De\u011fi\u015fiklikler<\/strong><\/h3>\n\n\n\n<p>Bu Gizlilik Politikas\u0131n\u0131 herhangi bir zamanda g\u00fcncelleme hakk\u0131m\u0131z\u0131 sakl\u0131 tutuyoruz. Herhangi bir de\u011fi\u015fiklik, revize edilmi\u015f bir y\u00fcr\u00fcrl\u00fck tarihiyle birlikte bu sayfada yay\u0131nlanacakt\u0131r.<\/p>\n\n\n\n<h3 class=\"wp-block-heading\">9. <strong>Bize Ula\u015f\u0131n<\/strong><\/h3>\n\n\n\n<p>Bu Gizlilik Politikas\u0131 hakk\u0131nda sorular\u0131n\u0131z veya endi\u015feleriniz varsa l\u00fctfen bizimle \u015fu adresten ileti\u015fime ge\u00e7in:<\/p>\n\n\n\n<p><strong>www.tevau.co<\/strong><br>Telgraf: <a href=\"https:\/\/t.me\/tevau_community\">Tevau Toplulu\u011fu<br><\/a>Web sitesi: <a class=\"\" href=\"https:\/\/www.tevau.co\/tr\/\">https:\/\/www.tevau.co<\/a><\/p>","protected":false},"excerpt":{"rendered":"<p>Welcome to our website (tevau.co). We value your privacy and are committed to protecting your personal information. This Privacy Policy outlines how we collect, use, and protect your data when you visit or interact with our site. Please note: This website is an independent affiliate site promoting services offered by Tevau.io. We are not the [&hellip;]<\/p>\n","protected":false},"author":1,"featured_media":0,"parent":0,"menu_order":0,"comment_status":"closed","ping_status":"open","template":"","meta":{"footnotes":""},"class_list":["post-3738","page","type-page","status-publish","hentry"],"_links":{"self":[{"href":"https:\/\/www.tevau.co\/tr\/wp-json\/wp\/v2\/pages\/3738","targetHints":{"allow":["GET"]}}],"collection":[{"href":"https:\/\/www.tevau.co\/tr\/wp-json\/wp\/v2\/pages"}],"about":[{"href":"https:\/\/www.tevau.co\/tr\/wp-json\/wp\/v2\/types\/page"}],"author":[{"embeddable":true,"href":"https:\/\/www.tevau.co\/tr\/wp-json\/wp\/v2\/users\/1"}],"replies":[{"embeddable":true,"href":"https:\/\/www.tevau.co\/tr\/wp-json\/wp\/v2\/comments?post=3738"}],"version-history":[{"count":0,"href":"https:\/\/www.tevau.co\/tr\/wp-json\/wp\/v2\/pages\/3738\/revisions"}],"wp:attachment":[{"href":"https:\/\/www.tevau.co\/tr\/wp-json\/wp\/v2\/media?parent=3738"}],"curies":[{"name":"wp","href":"https:\/\/api.w.org\/{rel}","templated":true}]}}